{"id":18,"date":"2024-11-29T19:59:12","date_gmt":"2024-11-29T18:59:12","guid":{"rendered":"https:\/\/zeljko-turkalj.from.hr\/?page_id=18"},"modified":"2024-11-29T21:18:15","modified_gmt":"2024-11-29T20:18:15","slug":"pocetna-stranica","status":"publish","type":"page","link":"https:\/\/zeljko-turkalj.from.hr\/","title":{"rendered":"Obrazovanje"},"content":{"rendered":"\n<p>Tehni\u010dka \u0161kola Kutina <br>        <strong>Tehni\u010dar za elektrostrojarstvo<\/strong> <br>Prirodoslovno matemati\u010dki fakultet &#8211; Matemati\u010dki odjel <br>       <strong>Profesor matematike i informatike<\/strong><\/p>\n","protected":false},"excerpt":{"rendered":"<p>Tehni\u010dka \u0161kola Kutina Tehni\u010dar za elektrostrojarstvo Prirodoslovno matemati\u010dki fakultet &#8211; Matemati\u010dki odjel Profesor matematike i informatike<\/p>\n","protected":false},"author":1,"featured_media":0,"parent":0,"menu_order":0,"comment_status":"closed","ping_status":"closed","template":"","meta":{"footnotes":""},"class_list":["post-18","page","type-page","status-publish","hentry"],"_links":{"self":[{"href":"https:\/\/zeljko-turkalj.from.hr\/index.php?rest_route=\/wp\/v2\/pages\/18","targetHints":{"allow":["GET"]}}],"collection":[{"href":"https:\/\/zeljko-turkalj.from.hr\/index.php?rest_route=\/wp\/v2\/pages"}],"about":[{"href":"https:\/\/zeljko-turkalj.from.hr\/index.php?rest_route=\/wp\/v2\/types\/page"}],"author":[{"embeddable":true,"href":"https:\/\/zeljko-turkalj.from.hr\/index.php?rest_route=\/wp\/v2\/users\/1"}],"replies":[{"embeddable":true,"href":"https:\/\/zeljko-turkalj.from.hr\/index.php?rest_route=%2Fwp%2Fv2%2Fcomments&post=18"}],"version-history":[{"count":11,"href":"https:\/\/zeljko-turkalj.from.hr\/index.php?rest_route=\/wp\/v2\/pages\/18\/revisions"}],"predecessor-version":[{"id":62,"href":"https:\/\/zeljko-turkalj.from.hr\/index.php?rest_route=\/wp\/v2\/pages\/18\/revisions\/62"}],"wp:attachment":[{"href":"https:\/\/zeljko-turkalj.from.hr\/index.php?rest_route=%2Fwp%2Fv2%2Fmedia&parent=18"}],"curies":[{"name":"wp","href":"https:\/\/api.w.org\/{rel}","templated":true}]}}