{"id":19,"date":"2024-11-29T19:59:12","date_gmt":"2024-11-29T18:59:12","guid":{"rendered":"https:\/\/zeljko-turkalj.from.hr\/?page_id=19"},"modified":"2024-11-30T17:17:51","modified_gmt":"2024-11-30T16:17:51","slug":"informacije","status":"publish","type":"page","link":"https:\/\/zeljko-turkalj.from.hr\/?page_id=19","title":{"rendered":"Matematika"},"content":{"rendered":"\n<p>Tijekom svoje karijere, stekao sam \u0161iroko iskustvo u primjeni matematike u tehni\u010dkim i informati\u010dkim podru\u010djima.<\/p>\n\n\n\n<p>Kao ispravlja\u010d Dr\u017eavnih matura, imao sam priliku dodatno usavr\u0161iti svoje obrazovne metode i bolje razumjeti zahtjeve obrazovnih standarda. U nastavi se fokusiram na povezivanje teorije s praksom, prikazuju\u0107i u\u010denicima kako se matematika primjenjuje u programiranju, web dizajnu, multimediji, bazama podataka i CNC programiranju.<\/p>\n\n\n\n<p>Moj cilj je osposobiti u\u010denike za uspje\u0161an prijelaz u daljnje obrazovanje i profesionalni svijet, koriste\u0107i matematiku kao alat za rje\u0161avanje stvarnih problema. <\/p>\n\n\n<ul class=\"wp-block-latest-posts__list wp-block-latest-posts\"><\/ul>\n\n\n<p><\/p>\n","protected":false},"excerpt":{"rendered":"<p>Tijekom svoje karijere, stekao sam \u0161iroko iskustvo u primjeni matematike u tehni\u010dkim i informati\u010dkim podru\u010djima. Kao ispravlja\u010d Dr\u017eavnih matura, imao sam priliku dodatno usavr\u0161iti svoje obrazovne metode i bolje razumjeti zahtjeve obrazovnih standarda. U nastavi se fokusiram na povezivanje teorije s praksom, prikazuju\u0107i u\u010denicima kako se matematika primjenjuje u programiranju, web dizajnu, multimediji, bazama podataka &hellip; <\/p>\n<p class=\"link-more\"><a href=\"https:\/\/zeljko-turkalj.from.hr\/?page_id=19\" class=\"more-link\">Nastavi \u010ditati<span class=\"screen-reader-text\"> &#8220;Matematika&#8221;<\/span><\/a><\/p>\n","protected":false},"author":1,"featured_media":90,"parent":0,"menu_order":0,"comment_status":"closed","ping_status":"closed","template":"","meta":{"footnotes":""},"class_list":["post-19","page","type-page","status-publish","has-post-thumbnail","hentry"],"_links":{"self":[{"href":"https:\/\/zeljko-turkalj.from.hr\/index.php?rest_route=\/wp\/v2\/pages\/19","targetHints":{"allow":["GET"]}}],"collection":[{"href":"https:\/\/zeljko-turkalj.from.hr\/index.php?rest_route=\/wp\/v2\/pages"}],"about":[{"href":"https:\/\/zeljko-turkalj.from.hr\/index.php?rest_route=\/wp\/v2\/types\/page"}],"author":[{"embeddable":true,"href":"https:\/\/zeljko-turkalj.from.hr\/index.php?rest_route=\/wp\/v2\/users\/1"}],"replies":[{"embeddable":true,"href":"https:\/\/zeljko-turkalj.from.hr\/index.php?rest_route=%2Fwp%2Fv2%2Fcomments&post=19"}],"version-history":[{"count":4,"href":"https:\/\/zeljko-turkalj.from.hr\/index.php?rest_route=\/wp\/v2\/pages\/19\/revisions"}],"predecessor-version":[{"id":95,"href":"https:\/\/zeljko-turkalj.from.hr\/index.php?rest_route=\/wp\/v2\/pages\/19\/revisions\/95"}],"wp:featuredmedia":[{"embeddable":true,"href":"https:\/\/zeljko-turkalj.from.hr\/index.php?rest_route=\/wp\/v2\/media\/90"}],"wp:attachment":[{"href":"https:\/\/zeljko-turkalj.from.hr\/index.php?rest_route=%2Fwp%2Fv2%2Fmedia&parent=19"}],"curies":[{"name":"wp","href":"https:\/\/api.w.org\/{rel}","templated":true}]}}