{"id":80,"date":"2024-11-29T21:55:10","date_gmt":"2024-11-29T20:55:10","guid":{"rendered":"https:\/\/zeljko-turkalj.from.hr\/?page_id=80"},"modified":"2024-11-29T21:56:21","modified_gmt":"2024-11-29T20:56:21","slug":"sdfasdf","status":"publish","type":"page","link":"https:\/\/zeljko-turkalj.from.hr\/?page_id=80","title":{"rendered":"Programiranje mobilnih ure\u0111aja"},"content":{"rendered":"\n<p>U dana\u0161nje vrijeme, kada je internet preplavljen informacijama, \u010desto je izazovno prona\u0107i prave resurse koji jednostavno i jasno obja\u0161njavaju slo\u017eene koncepte. Kako bih u\u010denicima olak\u0161ao proces u\u010denja i fokusirao se na prakti\u010dne primjere, izradio sam skriptu koja pokriva klju\u010dne elemente razvoja mobilnih aplikacija.<\/p>\n\n\n\n<p>U skripti mo\u017eete prona\u0107i:<\/p>\n\n\n\n<ul class=\"wp-block-list\">\n<li>Kako napraviti&nbsp;<strong>animacije i tranzicije<\/strong>.<\/li>\n\n\n\n<li>Implementaciju&nbsp;<strong>multitouch funkcionalnosti<\/strong>.<\/li>\n\n\n\n<li>Kreiranje i upravljanje&nbsp;<strong>jednostavnom bazom podataka<\/strong>&nbsp;za mobilne ure\u0111aje.<\/li>\n<\/ul>\n\n\n\n<p>Materijal je osmi\u0161ljen s ciljem da u\u010denicima kroz jasne i razumljive primjere prika\u017ee osnove ovih koncepata.<\/p>\n\n\n\n<p>Skripta se nalazi u prilogu i slobodno je koristite za osobno usavr\u0161avanje ili u nastavne svrhe.<\/p>\n\n\n\n<p><a href=\"https:\/\/zeljko-turkalj.from.hr\/wp-content\/uploads\/2024\/11\/Skripta-Programiranje-mobilnih-uredaja-4-razred.pdf\">SKRIPTA 4 razred Tehni\u010dar za ra\u010dunalstvo<\/a><\/p>\n","protected":false},"excerpt":{"rendered":"<p>U dana\u0161nje vrijeme, kada je internet preplavljen informacijama, \u010desto je izazovno prona\u0107i prave resurse koji jednostavno i jasno obja\u0161njavaju slo\u017eene koncepte. Kako bih u\u010denicima olak\u0161ao proces u\u010denja i fokusirao se na prakti\u010dne primjere, izradio sam skriptu koja pokriva klju\u010dne elemente razvoja mobilnih aplikacija. U skripti mo\u017eete prona\u0107i: Materijal je osmi\u0161ljen s ciljem da u\u010denicima kroz &hellip; <\/p>\n<p class=\"link-more\"><a href=\"https:\/\/zeljko-turkalj.from.hr\/?page_id=80\" class=\"more-link\">Nastavi \u010ditati<span class=\"screen-reader-text\"> &#8220;Programiranje mobilnih ure\u0111aja&#8221;<\/span><\/a><\/p>\n","protected":false},"author":1,"featured_media":53,"parent":0,"menu_order":0,"comment_status":"closed","ping_status":"closed","template":"","meta":{"footnotes":""},"class_list":["post-80","page","type-page","status-publish","has-post-thumbnail","hentry"],"_links":{"self":[{"href":"https:\/\/zeljko-turkalj.from.hr\/index.php?rest_route=\/wp\/v2\/pages\/80","targetHints":{"allow":["GET"]}}],"collection":[{"href":"https:\/\/zeljko-turkalj.from.hr\/index.php?rest_route=\/wp\/v2\/pages"}],"about":[{"href":"https:\/\/zeljko-turkalj.from.hr\/index.php?rest_route=\/wp\/v2\/types\/page"}],"author":[{"embeddable":true,"href":"https:\/\/zeljko-turkalj.from.hr\/index.php?rest_route=\/wp\/v2\/users\/1"}],"replies":[{"embeddable":true,"href":"https:\/\/zeljko-turkalj.from.hr\/index.php?rest_route=%2Fwp%2Fv2%2Fcomments&post=80"}],"version-history":[{"count":3,"href":"https:\/\/zeljko-turkalj.from.hr\/index.php?rest_route=\/wp\/v2\/pages\/80\/revisions"}],"predecessor-version":[{"id":83,"href":"https:\/\/zeljko-turkalj.from.hr\/index.php?rest_route=\/wp\/v2\/pages\/80\/revisions\/83"}],"wp:featuredmedia":[{"embeddable":true,"href":"https:\/\/zeljko-turkalj.from.hr\/index.php?rest_route=\/wp\/v2\/media\/53"}],"wp:attachment":[{"href":"https:\/\/zeljko-turkalj.from.hr\/index.php?rest_route=%2Fwp%2Fv2%2Fmedia&parent=80"}],"curies":[{"name":"wp","href":"https:\/\/api.w.org\/{rel}","templated":true}]}}